{"id":9624,"date":"2026-04-07T16:42:41","date_gmt":"2026-04-07T16:42:41","guid":{"rendered":"https:\/\/gt-traducoes.pt\/legal-terms\/"},"modified":"2026-04-10T20:53:48","modified_gmt":"2026-04-10T20:53:48","slug":"legal-terms","status":"publish","type":"page","link":"https:\/\/gt-traducoes.pt\/en\/legal-terms\/","title":{"rendered":"Legal Terms"},"content":{"rendered":"\t\t<div data-elementor-type=\"wp-page\" data-elementor-id=\"9624\" class=\"elementor elementor-9624 elementor-8572\">\n\t\t\t\t<div class=\"elementor-element elementor-element-7e2f71eb e-flex e-con-boxed e-con e-parent\" data-id=\"7e2f71eb\" data-element_type=\"container\">\n\t\t\t\t\t<div class=\"e-con-inner\">\n\t\t\t\t<div class=\"elementor-element elementor-element-226b8859 elementor-widget elementor-widget-text-editor\" data-id=\"226b8859\" data-element_type=\"widget\" data-widget_type=\"text-editor.default\">\n\t\t\t\t<div class=\"elementor-widget-container\">\n\t\t\t\t\t\t\t\t\t<h2 class=\"wp-block-heading\">Company Details<\/h2><p><strong>GT Tradu\u00e7\u00f5es<\/strong> is a company specialising in linguistic services.<\/p><p><strong>Tax ID (NIF):<\/strong> 501804242<\/p><h2 class=\"wp-block-heading\">Registered Office<\/h2><p>Rua Comandante Almeida Henriques, Bloco 1, n\u00ba 5<br \/>2400-089 Leiria, Portugal<\/p><h2 class=\"wp-block-heading\">Correspondence Address<\/h2><p>Avenida do Algarve, Lote 4, Fra\u00e7\u00e3o D<br \/>8100-298 Loul\u00e9, Portugal<\/p><h2 class=\"wp-block-heading\">Business Hours<\/h2><p>Monday to Friday, 9am to 6pm.<\/p><p>Closed on public holidays and weekends.<\/p><h2 class=\"wp-block-heading\">Contact<\/h2><p>Phone: 934 602 625<\/p><p>*Call to Portuguese mobile network<\/p><p>Email: info@gt-traducoes.pt<\/p>\t\t\t\t\t\t\t\t<\/div>\n\t\t\t\t<\/div>\n\t\t\t\t\t<\/div>\n\t\t\t\t<\/div>\n\t\t\t\t<\/div>\n\t\t","protected":false},"excerpt":{"rendered":"<p>Company Details GT Tradu\u00e7\u00f5es is a company specialising in linguistic services. Tax ID (NIF): 501804242 Registered Office Rua Comandante Almeida Henriques, Bloco 1, n\u00ba 52400-089 Leiria, Portugal Correspondence Address Avenida do Algarve, Lote 4, Fra\u00e7\u00e3o D8100-298 Loul\u00e9, Portugal Business Hours Monday to Friday, 9am to 6pm. Closed on public holidays and weekends. Contact Phone: 934 [&hellip;]<\/p>\n","protected":false},"author":1,"featured_media":0,"parent":0,"menu_order":0,"comment_status":"closed","ping_status":"closed","template":"","meta":{"footnotes":""},"class_list":["post-9624","page","type-page","status-publish","hentry"],"yoast_head":"<!-- This site is optimized with the Yoast SEO plugin v26.1.1 - https:\/\/yoast.com\/wordpress\/plugins\/seo\/ -->\n<title>Legal Terms &amp; Conditions | GT Tradu\u00e7\u00f5es<\/title>\n<meta name=\"description\" content=\"Terms and conditions for GT Tradu\u00e7\u00f5es language services. Legal information about translation, interpreting and proofreading contracts.\" \/>\n<meta name=\"robots\" content=\"index, follow, max-snippet:-1, max-image-preview:large, max-video-preview:-1\" \/>\n<link rel=\"canonical\" href=\"https:\/\/gt-traducoes.pt\/en\/legal-terms\/\" \/>\n<meta property=\"og:locale\" content=\"en_US\" \/>\n<meta property=\"og:type\" content=\"article\" \/>\n<meta property=\"og:title\" content=\"Legal Terms &amp; Conditions | GT Tradu\u00e7\u00f5es\" \/>\n<meta property=\"og:description\" content=\"Terms and conditions for GT Tradu\u00e7\u00f5es language services. Legal information about translation, interpreting and proofreading contracts.\" \/>\n<meta property=\"og:url\" content=\"https:\/\/gt-traducoes.pt\/en\/legal-terms\/\" \/>\n<meta property=\"og:site_name\" content=\"GT TRADU\u00c7OES\" \/>\n<meta property=\"article:modified_time\" content=\"2026-04-10T20:53:48+00:00\" \/>\n<meta property=\"og:image\" content=\"https:\/\/gt-traducoes.pt\/wp-content\/uploads\/2025\/07\/gt-og-card.png\" \/>\n\t<meta property=\"og:image:width\" content=\"1200\" \/>\n\t<meta property=\"og:image:height\" content=\"630\" \/>\n\t<meta property=\"og:image:type\" content=\"image\/png\" \/>\n<meta name=\"twitter:card\" content=\"summary_large_image\" \/>\n<script type=\"application\/ld+json\" class=\"yoast-schema-graph\">{\"@context\":\"https:\/\/schema.org\",\"@graph\":[{\"@type\":\"WebPage\",\"@id\":\"https:\/\/gt-traducoes.pt\/en\/legal-terms\/\",\"url\":\"https:\/\/gt-traducoes.pt\/en\/legal-terms\/\",\"name\":\"Legal Terms & Conditions | GT Tradu\u00e7\u00f5es\",\"isPartOf\":{\"@id\":\"https:\/\/gt-traducoes.pt\/en\/#website\"},\"datePublished\":\"2026-04-07T16:42:41+00:00\",\"dateModified\":\"2026-04-10T20:53:48+00:00\",\"description\":\"Terms and conditions for GT Tradu\u00e7\u00f5es language services. Legal information about translation, interpreting and proofreading contracts.\",\"breadcrumb\":{\"@id\":\"https:\/\/gt-traducoes.pt\/en\/legal-terms\/#breadcrumb\"},\"inLanguage\":\"en-US\",\"potentialAction\":[{\"@type\":\"ReadAction\",\"target\":[\"https:\/\/gt-traducoes.pt\/en\/legal-terms\/\"]}]},{\"@type\":\"BreadcrumbList\",\"@id\":\"https:\/\/gt-traducoes.pt\/en\/legal-terms\/#breadcrumb\",\"itemListElement\":[{\"@type\":\"ListItem\",\"position\":1,\"name\":\"In\u00edcio\",\"item\":\"https:\/\/gt-traducoes.pt\/en\/\"},{\"@type\":\"ListItem\",\"position\":2,\"name\":\"Legal Terms\"}]},{\"@type\":\"WebSite\",\"@id\":\"https:\/\/gt-traducoes.pt\/en\/#website\",\"url\":\"https:\/\/gt-traducoes.pt\/en\/\",\"name\":\"GT TRADU\u00c7OES\",\"description\":\"\",\"publisher\":{\"@id\":\"https:\/\/gt-traducoes.pt\/en\/#organization\"},\"potentialAction\":[{\"@type\":\"SearchAction\",\"target\":{\"@type\":\"EntryPoint\",\"urlTemplate\":\"https:\/\/gt-traducoes.pt\/en\/?s={search_term_string}\"},\"query-input\":{\"@type\":\"PropertyValueSpecification\",\"valueRequired\":true,\"valueName\":\"search_term_string\"}}],\"inLanguage\":\"en-US\"},{\"@type\":\"Organization\",\"@id\":\"https:\/\/gt-traducoes.pt\/en\/#organization\",\"name\":\"GT TRADU\u00c7OES\",\"url\":\"https:\/\/gt-traducoes.pt\/en\/\",\"logo\":{\"@type\":\"ImageObject\",\"inLanguage\":\"en-US\",\"@id\":\"https:\/\/gt-traducoes.pt\/en\/#\/schema\/logo\/image\/\",\"url\":\"https:\/\/gt-traducoes.pt\/wp-content\/uploads\/2025\/07\/logo-gt.png\",\"contentUrl\":\"https:\/\/gt-traducoes.pt\/wp-content\/uploads\/2025\/07\/logo-gt.png\",\"width\":275,\"height\":60,\"caption\":\"GT TRADU\u00c7OES\"},\"image\":{\"@id\":\"https:\/\/gt-traducoes.pt\/en\/#\/schema\/logo\/image\/\"}}]}<\/script>\n<!-- \/ Yoast SEO plugin. -->","yoast_head_json":{"title":"Legal Terms & Conditions | GT Tradu\u00e7\u00f5es","description":"Terms and conditions for GT Tradu\u00e7\u00f5es language services. Legal information about translation, interpreting and proofreading contracts.","robots":{"index":"index","follow":"follow","max-snippet":"max-snippet:-1","max-image-preview":"max-image-preview:large","max-video-preview":"max-video-preview:-1"},"canonical":"https:\/\/gt-traducoes.pt\/en\/legal-terms\/","og_locale":"en_US","og_type":"article","og_title":"Legal Terms & Conditions | GT Tradu\u00e7\u00f5es","og_description":"Terms and conditions for GT Tradu\u00e7\u00f5es language services. Legal information about translation, interpreting and proofreading contracts.","og_url":"https:\/\/gt-traducoes.pt\/en\/legal-terms\/","og_site_name":"GT TRADU\u00c7OES","article_modified_time":"2026-04-10T20:53:48+00:00","og_image":[{"width":1200,"height":630,"url":"https:\/\/gt-traducoes.pt\/wp-content\/uploads\/2025\/07\/gt-og-card.png","type":"image\/png"}],"twitter_card":"summary_large_image","schema":{"@context":"https:\/\/schema.org","@graph":[{"@type":"WebPage","@id":"https:\/\/gt-traducoes.pt\/en\/legal-terms\/","url":"https:\/\/gt-traducoes.pt\/en\/legal-terms\/","name":"Legal Terms & Conditions | GT Tradu\u00e7\u00f5es","isPartOf":{"@id":"https:\/\/gt-traducoes.pt\/en\/#website"},"datePublished":"2026-04-07T16:42:41+00:00","dateModified":"2026-04-10T20:53:48+00:00","description":"Terms and conditions for GT Tradu\u00e7\u00f5es language services. Legal information about translation, interpreting and proofreading contracts.","breadcrumb":{"@id":"https:\/\/gt-traducoes.pt\/en\/legal-terms\/#breadcrumb"},"inLanguage":"en-US","potentialAction":[{"@type":"ReadAction","target":["https:\/\/gt-traducoes.pt\/en\/legal-terms\/"]}]},{"@type":"BreadcrumbList","@id":"https:\/\/gt-traducoes.pt\/en\/legal-terms\/#breadcrumb","itemListElement":[{"@type":"ListItem","position":1,"name":"In\u00edcio","item":"https:\/\/gt-traducoes.pt\/en\/"},{"@type":"ListItem","position":2,"name":"Legal Terms"}]},{"@type":"WebSite","@id":"https:\/\/gt-traducoes.pt\/en\/#website","url":"https:\/\/gt-traducoes.pt\/en\/","name":"GT TRADU\u00c7OES","description":"","publisher":{"@id":"https:\/\/gt-traducoes.pt\/en\/#organization"},"potentialAction":[{"@type":"SearchAction","target":{"@type":"EntryPoint","urlTemplate":"https:\/\/gt-traducoes.pt\/en\/?s={search_term_string}"},"query-input":{"@type":"PropertyValueSpecification","valueRequired":true,"valueName":"search_term_string"}}],"inLanguage":"en-US"},{"@type":"Organization","@id":"https:\/\/gt-traducoes.pt\/en\/#organization","name":"GT TRADU\u00c7OES","url":"https:\/\/gt-traducoes.pt\/en\/","logo":{"@type":"ImageObject","inLanguage":"en-US","@id":"https:\/\/gt-traducoes.pt\/en\/#\/schema\/logo\/image\/","url":"https:\/\/gt-traducoes.pt\/wp-content\/uploads\/2025\/07\/logo-gt.png","contentUrl":"https:\/\/gt-traducoes.pt\/wp-content\/uploads\/2025\/07\/logo-gt.png","width":275,"height":60,"caption":"GT TRADU\u00c7OES"},"image":{"@id":"https:\/\/gt-traducoes.pt\/en\/#\/schema\/logo\/image\/"}}]}},"_links":{"self":[{"href":"https:\/\/gt-traducoes.pt\/en\/wp-json\/wp\/v2\/pages\/9624","targetHints":{"allow":["GET"]}}],"collection":[{"href":"https:\/\/gt-traducoes.pt\/en\/wp-json\/wp\/v2\/pages"}],"about":[{"href":"https:\/\/gt-traducoes.pt\/en\/wp-json\/wp\/v2\/types\/page"}],"author":[{"embeddable":true,"href":"https:\/\/gt-traducoes.pt\/en\/wp-json\/wp\/v2\/users\/1"}],"replies":[{"embeddable":true,"href":"https:\/\/gt-traducoes.pt\/en\/wp-json\/wp\/v2\/comments?post=9624"}],"version-history":[{"count":0,"href":"https:\/\/gt-traducoes.pt\/en\/wp-json\/wp\/v2\/pages\/9624\/revisions"}],"wp:attachment":[{"href":"https:\/\/gt-traducoes.pt\/en\/wp-json\/wp\/v2\/media?parent=9624"}],"curies":[{"name":"wp","href":"https:\/\/api.w.org\/{rel}","templated":true}]}}